{"id":190,"date":"2023-09-12T10:26:51","date_gmt":"2023-09-12T08:26:51","guid":{"rendered":"https:\/\/congresoeducacionelche.com\/informacion\/"},"modified":"2026-01-07T11:24:32","modified_gmt":"2026-01-07T10:24:32","slug":"informacio","status":"publish","type":"page","link":"https:\/\/congresoeducacionelche.com\/val\/informacio\/","title":{"rendered":"Informaci\u00f3"},"content":{"rendered":"<section class=\"l-section wpb_row us_custom_e2afdd27 height_small\"><div class=\"l-section-h i-cf\"><div class=\"g-cols vc_row via_grid cols_1 laptops-cols_1 tablets-cols_1 mobiles-cols_1 valign_top type_default stacking_default\" style=\"--columns-gap:0rem;\"><div class=\"wpb_column vc_column_container\"><div class=\"vc_column-inner\"><div class=\"g-cols wpb_row us_custom_f8d3bfcd altura-maxima via_grid cols_1 laptops-cols_inherit tablets-cols_inherit mobiles-cols_1 valign_top type_default stacking_default\" style=\"--columns-gap:3rem;\"><div class=\"wpb_column vc_column_container us_custom_3e8d3f0a\"><div class=\"vc_column-inner\"><div class=\"wpb_text_column us_custom_6df4bc3a has_text_color\"><div class=\"wpb_wrapper\"><h1>Informaci\u00f3<\/h1>\n<\/div><\/div><div class=\"w-separator size_small\"><\/div><div class=\"wpb_text_column us_custom_6df4bc3a has_text_color\"><div class=\"wpb_wrapper\"><p>L&#8217;Ajuntament d&#8217;Elx presenta el segon Congr\u00e9s d&#8217;Educaci\u00f3 \u201cViure aprenent\u201d, un esdeveniment \u00fanic que tindr\u00e0 lloc el 31 de gener de 2026 en el Gran Teatre d&#8217;Elx.<\/p>\n<p>Sota el lema \u201cL&#8217;educaci\u00f3 que ens transforma\u201d, esta trobada busca recordar-nos que educar no \u00e9s nom\u00e9s ensenyar, sin\u00f3 <strong>deixar empremta. <\/strong>Esta jornada vol tornar-nos la il\u00b7lusi\u00f3 per aprendre, per millorar i per emocionar-nos amb el nostre propi treball.<\/p>\n<p>\u201cViure aprenent\u201d naix com un <strong>regal per als professionals de l&#8217;educaci\u00f3<\/strong>, una jornada creada per a detindre&#8217;ns, respirar i tornar a connectar amb el que dona sentit a la nostra labor: <strong>la mirada cap a l&#8217;alumne i el significat d&#8217;educar.<\/strong><\/p>\n<p>Cada pon\u00e8ncia suma una pe\u00e7a \u00fanica que, unides, conformen una experi\u00e8ncia completa: <strong>comprendre millor com aprenen els nostres alumnes, com cr\u00e9ixer com a docents i com impulsar una educaci\u00f3 m\u00e9s humana, conscient i transformadora<\/strong>. A trav\u00e9s de les seues veus vos proposem un recorregut que vos convide a reflexionar, emocionar-vos i inspirar-vos.<\/p>\n<p>Vos convidem a formar part d&#8217;este viatge formatiu que vos donar\u00e0 l&#8217;impuls a <strong>cr\u00e9ixer, il\u00b7lusionar-vos i transformar la vostra pr\u00e0ctica educativa<\/strong>.<\/p>\n<p>Uniu-vos a nosaltres i redescobriu la vostra vocaci\u00f3!<\/p>\n<\/div><\/div><div class=\"w-separator size_medium\"><\/div><div class=\"wpb_text_column us_custom_6df4bc3a has_text_color\"><div class=\"wpb_wrapper\"><h4>LLOC<\/h4>\n<p>Gran Teatre d&#8217;Elx<br \/>C\/ Kursaal, 1, 03203 Elx, Alacant<br \/><a href=\"https:\/\/maps.app.goo.gl\/U5eBfAt82CLniLiDA\" target=\"_blank\" rel=\"noopener\">Veure en Google Maps<\/a><\/p>\n<h4>DIA<\/h4>\n<p>31 de gener de 2026.<\/p>\n<h4>M\u00c9S INFORMACI\u00d3<\/h4>\n<p>Regidoria d&#8217;educaci\u00f3 d&#8217;Elx<br \/>966635097<br \/>Per a m\u00e9s informaci\u00f3 tur\u00edstica consultar la web: <a href=\"https:\/\/www.visitelche.com\/va\/\" target=\"_blank\" rel=\"noopener\">VISITELCHE.COM<\/a><\/p>\n<\/div><\/div><\/div><\/div><\/div><\/div><\/div><\/div><\/div><\/section>\n","protected":false},"excerpt":{"rendered":"Informaci\u00f3 L&#8217;Ajuntament d&#8217;Elx presenta el segon Congr\u00e9s d&#8217;Educaci\u00f3 \u201cViure aprenent\u201d, un esdeveniment \u00fanic que tindr\u00e0 lloc el 31 de gener de 2026 en el Gran Teatre d&#8217;Elx. Sota el lema \u201cL&#8217;educaci\u00f3 que ens transforma\u201d, esta trobada busca recordar-nos que educar no \u00e9s nom\u00e9s ensenyar, sin\u00f3 deixar empremta. Esta jornada vol tornar-nos la il\u00b7lusi\u00f3 per aprendre,...","protected":false},"author":7,"featured_media":1031,"parent":0,"menu_order":0,"comment_status":"closed","ping_status":"closed","template":"","meta":{"footnotes":""},"class_list":["post-190","page","type-page","status-publish","has-post-thumbnail","hentry"],"_links":{"self":[{"href":"https:\/\/congresoeducacionelche.com\/val\/wp-json\/wp\/v2\/pages\/190","targetHints":{"allow":["GET"]}}],"collection":[{"href":"https:\/\/congresoeducacionelche.com\/val\/wp-json\/wp\/v2\/pages"}],"about":[{"href":"https:\/\/congresoeducacionelche.com\/val\/wp-json\/wp\/v2\/types\/page"}],"author":[{"embeddable":true,"href":"https:\/\/congresoeducacionelche.com\/val\/wp-json\/wp\/v2\/users\/7"}],"replies":[{"embeddable":true,"href":"https:\/\/congresoeducacionelche.com\/val\/wp-json\/wp\/v2\/comments?post=190"}],"version-history":[{"count":11,"href":"https:\/\/congresoeducacionelche.com\/val\/wp-json\/wp\/v2\/pages\/190\/revisions"}],"predecessor-version":[{"id":1677,"href":"https:\/\/congresoeducacionelche.com\/val\/wp-json\/wp\/v2\/pages\/190\/revisions\/1677"}],"wp:featuredmedia":[{"embeddable":true,"href":"https:\/\/congresoeducacionelche.com\/val\/wp-json\/wp\/v2\/media\/1031"}],"wp:attachment":[{"href":"https:\/\/congresoeducacionelche.com\/val\/wp-json\/wp\/v2\/media?parent=190"}],"curies":[{"name":"wp","href":"https:\/\/api.w.org\/{rel}","templated":true}]}}