{"id":1755,"date":"2026-01-26T10:02:44","date_gmt":"2026-01-26T09:02:44","guid":{"rendered":"https:\/\/congresoeducacionelche.com\/?page_id=1755"},"modified":"2026-01-26T11:37:39","modified_gmt":"2026-01-26T10:37:39","slug":"noticies","status":"publish","type":"page","link":"https:\/\/congresoeducacionelche.com\/val\/noticies\/","title":{"rendered":"Not\u00edcies"},"content":{"rendered":"<section class=\"l-section wpb_row height_small\"><div class=\"l-section-h i-cf\"><div class=\"g-cols vc_row via_grid cols_1 laptops-cols_inherit tablets-cols_inherit mobiles-cols_1 valign_top type_default stacking_default\"><div class=\"wpb_column vc_column_container\"><div class=\"vc_column-inner\"><div class=\"w-grid us_post_list type_grid layout_blog_classic cols_2\" id=\"us_post_list_v221\" style=\"--columns:2;--gap:1.5rem;\" data-filterable=\"true\"><style>@media (max-width:600px){#us_post_list_v221{--columns:1!important}}.layout_blog_classic .w-grid-item-h{}.layout_blog_classic .usg_post_image_1{margin-bottom:1rem!important}.layout_blog_classic .usg_post_title_1{font-size:1.4rem!important;font-weight:700!important;margin-bottom:0.5rem!important}.layout_blog_classic .usg_hwrapper_1{color:var(--color-content-faded)!important;font-size:0.9rem!important}.layout_blog_classic .usg_post_taxonomy_1{font-weight:700!important;text-transform:uppercase!important}.layout_blog_classic .usg_post_content_1{max-width:600px!important;margin-top:0.5rem!important}<\/style><div class=\"w-grid-list\">\t<article class=\"w-grid-item size_1x1 post-1731 post type-post status-publish format-standard has-post-thumbnail hentry category-2do-congreso-vivir-aprendiendo\" data-id=\"1731\">\r\n\t\t<div class=\"w-grid-item-h\">\r\n\t\t\t\t\t\t<div class=\"w-post-elm post_image usg_post_image_1 stretched\"><a href=\"https:\/\/congresoeducacionelche.com\/val\/2026\/01\/26\/entrada-de-prueba\/\" aria-label=\"2n Congr\u00e9s d\u2019Educaci\u00f3 \u201cViure Aprenent\u201d: Elx tanca gener amb una trobada per a recarregar, actualitzar-se i tornar a l\u2019aula amb idees aplicables\"><img loading=\"lazy\" decoding=\"async\" width=\"1024\" height=\"683\" src=\"https:\/\/congresoeducacionelche.com\/wp-content\/uploads\/2026\/01\/PIEZA-WEB-ELCHE.png\" class=\"attachment-large size-large wp-post-image\" alt=\"\" srcset=\"https:\/\/congresoeducacionelche.com\/wp-content\/uploads\/2026\/01\/PIEZA-WEB-ELCHE.png 1024w, https:\/\/congresoeducacionelche.com\/wp-content\/uploads\/2026\/01\/PIEZA-WEB-ELCHE-300x200.png 300w\" sizes=\"auto, (max-width: 1024px) 100vw, 1024px\" \/><\/a><\/div><h2 class=\"w-post-elm post_title usg_post_title_1 entry-title color_link_inherit\"><a href=\"https:\/\/congresoeducacionelche.com\/val\/2026\/01\/26\/entrada-de-prueba\/\">2n Congr\u00e9s d\u2019Educaci\u00f3 \u201cViure Aprenent\u201d: Elx tanca gener amb una trobada per a recarregar, actualitzar-se i tornar a l\u2019aula amb idees aplicables<\/a><\/h2><div class=\"w-hwrapper usg_hwrapper_1 has_text_color align_none valign_top wrap\"><div class=\"w-post-elm post_taxonomy usg_post_taxonomy_1 style_simple\"><a class=\"term-16 term-2do-congreso-vivir-aprendiendo\" href=\"https:\/\/congresoeducacionelche.com\/val\/category\/2do-congreso-vivir-aprendiendo\/\">2do Congreso Vivir Aprendiendo<\/a><\/div><time class=\"w-post-elm post_date usg_post_date_1 entry-date published\" datetime=\"2026-01-26T09:08:30+01:00\" title=\"26 January 2026 at 09:08:30 Europe\/Madrid\">3 months ago<\/time><\/div><div class=\"w-post-elm post_content usg_post_content_1\">Elx acollir\u00e0 el pr\u00f2xim 31 de gener a partir de les 9 del mat\u00ed, el 2n Congr\u00e9s d&#8217;Educaci\u00f3 \u201cViure Aprenent\u201d, sota el lema \u201cL&#8217;educaci\u00f3 que ens transforma\u201d. Ser\u00e0 una jornada&hellip;<\/div>\t\t<\/div>\r\n\t\t\t<\/article>\r\n\t<article class=\"w-grid-item size_1x1 post-1824 post type-post status-publish format-standard has-post-thumbnail hentry category-2do-congreso-vivir-aprendiendo\" data-id=\"1824\">\r\n\t\t<div class=\"w-grid-item-h\">\r\n\t\t\t\t\t\t<div class=\"w-post-elm post_image usg_post_image_1 stretched\"><a href=\"https:\/\/congresoeducacionelche.com\/val\/2026\/02\/09\/mes-de-600-professionals-6-experts-espectacles-i-un-presentador-del-mes-alt-nivell-es-van-donar-cita-en-el-2n-congres-deducacio-viure-aprenent-celebrat-a-elx\/\" aria-label=\"M\u00e9s de 600 professionals, 6 experts, espectacles i un presentador del m\u00e9s alt nivell es van donar cita en el 2n Congr\u00e9s d&#8217;Educaci\u00f3 \u201cViure Aprenent\u201d celebrat a Elx\"><img loading=\"lazy\" decoding=\"async\" width=\"1024\" height=\"683\" src=\"https:\/\/congresoeducacionelche.com\/wp-content\/uploads\/2026\/02\/PIEZA-WEB-ELCHE-2.jpg\" class=\"attachment-large size-large wp-post-image\" alt=\"\" srcset=\"https:\/\/congresoeducacionelche.com\/wp-content\/uploads\/2026\/02\/PIEZA-WEB-ELCHE-2.jpg 1024w, https:\/\/congresoeducacionelche.com\/wp-content\/uploads\/2026\/02\/PIEZA-WEB-ELCHE-2-300x200.jpg 300w\" sizes=\"auto, (max-width: 1024px) 100vw, 1024px\" \/><\/a><\/div><h2 class=\"w-post-elm post_title usg_post_title_1 entry-title color_link_inherit\"><a href=\"https:\/\/congresoeducacionelche.com\/val\/2026\/02\/09\/mes-de-600-professionals-6-experts-espectacles-i-un-presentador-del-mes-alt-nivell-es-van-donar-cita-en-el-2n-congres-deducacio-viure-aprenent-celebrat-a-elx\/\">M\u00e9s de 600 professionals, 6 experts, espectacles i un presentador del m\u00e9s alt nivell es van donar cita en el 2n Congr\u00e9s d&#8217;Educaci\u00f3 \u201cViure Aprenent\u201d celebrat a Elx<\/a><\/h2><div class=\"w-hwrapper usg_hwrapper_1 has_text_color align_none valign_top wrap\"><div class=\"w-post-elm post_taxonomy usg_post_taxonomy_1 style_simple\"><a class=\"term-16 term-2do-congreso-vivir-aprendiendo\" href=\"https:\/\/congresoeducacionelche.com\/val\/category\/2do-congreso-vivir-aprendiendo\/\">2do Congreso Vivir Aprendiendo<\/a><\/div><time class=\"w-post-elm post_date usg_post_date_1 entry-date published\" datetime=\"2026-02-09T09:04:05+01:00\" title=\"9 February 2026 at 09:04:05 Europe\/Madrid\">2 months ago<\/time><\/div><div class=\"w-post-elm post_content usg_post_content_1\">El Gran Teatre d&#8217;Elx es va convertir el passat 31 de gener en l&#8217;epicentre de la reflexi\u00f3 i la creaci\u00f3 educativa amb la celebraci\u00f3 del 2n Congr\u00e9s d&#8217;Educaci\u00f3 \u201cViure Aprenent\u201d.&hellip;<\/div>\t\t<\/div>\r\n\t\t\t<\/article>\r\n<\/div><div class=\"g-loadmore hidden\"><div class=\"g-preloader type_1\"><div><\/div><\/div><\/div><div class=\"w-grid-list-json hidden\" onclick='return {&quot;max_num_pages&quot;:0,&quot;pagination&quot;:&quot;none&quot;,&quot;paged&quot;:1,&quot;ajaxData&quot;:{&quot;_nonce&quot;:&quot;9808a88e0f&quot;,&quot;action&quot;:&quot;us_ajax_post_list&quot;,&quot;template_vars&quot;:{&quot;paged&quot;:1,&quot;max_num_pages&quot;:0,&quot;no_results&quot;:false,&quot;source&quot;:&quot;all&quot;,&quot;ids&quot;:&quot;&quot;,&quot;post_type&quot;:&quot;post&quot;,&quot;post_author&quot;:&quot;any&quot;,&quot;post_author_ids&quot;:&quot;&quot;,&quot;exclude_children&quot;:0,&quot;exclude_current_post&quot;:1,&quot;exclude_prev_posts&quot;:0,&quot;apply_url_params&quot;:0,&quot;tax_query_relation&quot;:&quot;none&quot;,&quot;tax_query&quot;:[{&quot;operator&quot;:&quot;IN&quot;,&quot;taxonomy&quot;:&quot;category&quot;,&quot;terms&quot;:&quot;&quot;,&quot;include_children&quot;:0}],&quot;meta_query_relation&quot;:&quot;none&quot;,&quot;meta_query&quot;:[{&quot;key&quot;:&quot;custom_field_name&quot;,&quot;compare&quot;:&quot;=&quot;,&quot;value&quot;:&quot;&quot;}],&quot;orderby&quot;:&quot;date&quot;,&quot;orderby_custom_field&quot;:&quot;&quot;,&quot;orderby_custom_type&quot;:0,&quot;order_invert&quot;:0,&quot;show_all&quot;:0,&quot;quantity&quot;:&quot;12&quot;,&quot;no_items_action&quot;:&quot;message&quot;,&quot;no_items_message&quot;:&quot;No results found.&quot;,&quot;no_items_page_block&quot;:&quot;&quot;,&quot;pagination&quot;:&quot;none&quot;,&quot;pagination_style&quot;:&quot;&quot;,&quot;pagination_btn_text&quot;:&quot;Load More&quot;,&quot;pagination_btn_size&quot;:&quot;&quot;,&quot;pagination_btn_style&quot;:&quot;1&quot;,&quot;pagination_btn_fullwidth&quot;:0,&quot;items_layout&quot;:&quot;blog_classic&quot;,&quot;type&quot;:&quot;grid&quot;,&quot;items_valign&quot;:0,&quot;ignore_items_size&quot;:0,&quot;columns&quot;:&quot;2&quot;,&quot;items_gap&quot;:&quot;1.5rem&quot;,&quot;load_animation&quot;:&quot;none&quot;,&quot;img_size&quot;:&quot;default&quot;,&quot;title_size&quot;:&quot;&quot;,&quot;items_ratio&quot;:&quot;default&quot;,&quot;items_ratio_width&quot;:&quot;21&quot;,&quot;items_ratio_height&quot;:&quot;9&quot;,&quot;overriding_link&quot;:&quot;{\\&quot;url\\&quot;:\\&quot;\\&quot;}&quot;,&quot;popup_width&quot;:&quot;&quot;,&quot;popup_arrows&quot;:1,&quot;breakpoint_1_width&quot;:&quot;1381px&quot;,&quot;breakpoint_1_cols&quot;:&quot;default&quot;,&quot;breakpoint_1_gap&quot;:&quot;&quot;,&quot;breakpoint_2_width&quot;:&quot;1025px&quot;,&quot;breakpoint_2_cols&quot;:&quot;2&quot;,&quot;breakpoint_2_gap&quot;:&quot;&quot;,&quot;breakpoint_3_width&quot;:&quot;601px&quot;,&quot;breakpoint_3_cols&quot;:&quot;1&quot;,&quot;breakpoint_3_gap&quot;:&quot;&quot;,&quot;conditions_operator&quot;:&quot;always&quot;,&quot;conditions&quot;:[],&quot;css&quot;:null,&quot;el_class&quot;:&quot;&quot;,&quot;el_id&quot;:&quot;&quot;,&quot;enable_custom_html_atts&quot;:0,&quot;custom_html_atts&quot;:null,&quot;hide_on_states&quot;:&quot;&quot;,&quot;hide_for_sticky&quot;:0,&quot;hide_for_not_sticky&quot;:0,&quot;hide_below&quot;:&quot;0px&quot;,&quot;hide_above&quot;:&quot;0px&quot;,&quot;classes&quot;:&quot;&quot;}}}'><\/div><\/div><\/div><\/div><\/div><\/div><\/section>\n","protected":false},"excerpt":{"rendered":"El Gran Teatre d'Elx es va convertir el passat 31 de gener en l'epicentre de la reflexi\u00f3 i la creaci\u00f3 educativa amb la celebraci\u00f3 del 2n Congr\u00e9s d'Educaci\u00f3 \u201cViure Aprenent\u201d. Una trobada que va convocar m\u00e9s de 600 docents i professionals de l'\u00e0mbit educatiu en una jornada marcada per la inspiraci\u00f3, l'aprenentatge compartit i l'aplicaci\u00f3...","protected":false},"author":8,"featured_media":0,"parent":0,"menu_order":0,"comment_status":"closed","ping_status":"closed","template":"","meta":{"footnotes":""},"class_list":["post-1755","page","type-page","status-publish","hentry"],"_links":{"self":[{"href":"https:\/\/congresoeducacionelche.com\/val\/wp-json\/wp\/v2\/pages\/1755","targetHints":{"allow":["GET"]}}],"collection":[{"href":"https:\/\/congresoeducacionelche.com\/val\/wp-json\/wp\/v2\/pages"}],"about":[{"href":"https:\/\/congresoeducacionelche.com\/val\/wp-json\/wp\/v2\/types\/page"}],"author":[{"embeddable":true,"href":"https:\/\/congresoeducacionelche.com\/val\/wp-json\/wp\/v2\/users\/8"}],"replies":[{"embeddable":true,"href":"https:\/\/congresoeducacionelche.com\/val\/wp-json\/wp\/v2\/comments?post=1755"}],"version-history":[{"count":6,"href":"https:\/\/congresoeducacionelche.com\/val\/wp-json\/wp\/v2\/pages\/1755\/revisions"}],"predecessor-version":[{"id":1766,"href":"https:\/\/congresoeducacionelche.com\/val\/wp-json\/wp\/v2\/pages\/1755\/revisions\/1766"}],"wp:attachment":[{"href":"https:\/\/congresoeducacionelche.com\/val\/wp-json\/wp\/v2\/media?parent=1755"}],"curies":[{"name":"wp","href":"https:\/\/api.w.org\/{rel}","templated":true}]}}