{"id":151,"date":"2023-09-12T10:20:12","date_gmt":"2023-09-12T08:20:12","guid":{"rendered":"https:\/\/congresoeducacionelche.com\/programa\/"},"modified":"2026-01-15T10:44:25","modified_gmt":"2026-01-15T09:44:25","slug":"programa","status":"publish","type":"page","link":"https:\/\/congresoeducacionelche.com\/val\/programa\/","title":{"rendered":"Programa"},"content":{"rendered":"<section class=\"l-section wpb_row us_custom_e2afdd27 height_small\"><div class=\"l-section-h i-cf\"><div class=\"g-cols vc_row via_grid cols_1 laptops-cols_1 tablets-cols_1 mobiles-cols_1 valign_top type_default stacking_default\" style=\"--columns-gap:0rem;\"><div class=\"wpb_column vc_column_container\"><div class=\"vc_column-inner\"><div class=\"g-cols wpb_row us_custom_f8d3bfcd altura-maxima via_grid cols_1 laptops-cols_inherit tablets-cols_inherit mobiles-cols_1 valign_top type_default stacking_default\" style=\"--columns-gap:3rem;\"><div class=\"wpb_column vc_column_container us_custom_3e8d3f0a\"><div class=\"vc_column-inner\"><div class=\"wpb_text_column us_custom_6df4bc3a has_text_color\"><div class=\"wpb_wrapper\"><h1>Programa del Congr\u00e9s<\/h1>\n<h4>&#8220;L&#8217;EDUCACI\u00d3 QUE ENS TRANSFORMA&#8221;<br \/>31 de GENER<\/h4>\n<\/div><\/div><div class=\"w-separator size_small\"><\/div><div class=\"wpb_text_column us_custom_6df4bc3a has_text_color\"><div class=\"wpb_wrapper\"><p>8:15 h: Acreditacions<\/p>\n<p>9:00 h: Inauguraci\u00f3<\/p>\n<p>9:45 h: <strong>Luis Galindo<\/strong>: Reilusionarse: \u201cLa ilusi\u00f3n marca la diferencia\u201d<\/p>\n<p>10:45 h: <strong>Marta Romo<\/strong>: \u201cLa magia de las palabras\u201d<\/p>\n<p>11:45 h: Coffee break\u00a0<\/p>\n<p>12:15 h: <strong>Miguel de Lucas<\/strong>: \u201cHay un mago en ti\u201d<\/p>\n<p>13:15 h: Actuaci\u00f3<\/p>\n<p>13:45 h: Dinar<\/p>\n<p>16:15 h: <strong>Jes\u00fas Guill\u00e9n<\/strong>: \u201cFunciones ejecutivas en el aula y en la vida\u201d<\/p>\n<p>17:30 h: <strong>Rosa Liarte<\/strong>: \u201cTechNecesito\u201d<\/p>\n<p>18:30 h: <strong>C\u00e9sar Bona<\/strong>: \u201cEl arte de ser humano en tiempos de IA\u201d<\/p>\n<p>19:30 h: Clausura<\/p>\n<p>19:45 h: Actuaci\u00f3 musical: <strong>\u00c1ngel Rodes<\/strong><\/p>\n<\/div><\/div><\/div><\/div><\/div><\/div><\/div><\/div><\/div><\/section><section class=\"l-section wpb_row us_custom_4fb9e5a3 height_small\"><div class=\"l-section-h i-cf\"><div class=\"g-cols vc_row via_grid cols_1 laptops-cols_inherit tablets-cols_inherit mobiles-cols_1 valign_top type_default stacking_default\"><div class=\"wpb_column vc_column_container\"><div class=\"vc_column-inner\"><\/div><\/div><\/div><\/div><\/section><section class=\"l-section wpb_row us_custom_4fb9e5a3 height_small\"><div class=\"l-section-h i-cf\"><div class=\"g-cols vc_row via_grid cols_1 laptops-cols_inherit tablets-cols_inherit mobiles-cols_1 valign_top type_default stacking_default\"><div class=\"wpb_column vc_column_container\"><div class=\"vc_column-inner\"><\/div><\/div><\/div><\/div><\/section><section class=\"l-section wpb_row us_custom_4fb9e5a3 height_small\"><div class=\"l-section-h i-cf\"><div class=\"g-cols vc_row via_grid cols_1 laptops-cols_inherit tablets-cols_inherit mobiles-cols_1 valign_top type_default stacking_default\"><div class=\"wpb_column vc_column_container\"><div class=\"vc_column-inner\"><\/div><\/div><\/div><\/div><\/section><section class=\"l-section wpb_row us_custom_4fb9e5a3 height_small\"><div class=\"l-section-h i-cf\"><div class=\"g-cols vc_row via_grid cols_1 laptops-cols_inherit tablets-cols_inherit mobiles-cols_1 valign_top type_default stacking_default\"><div class=\"wpb_column vc_column_container\"><div class=\"vc_column-inner\"><\/div><\/div><\/div><\/div><\/section>\n","protected":false},"excerpt":{"rendered":"Programa del Congr\u00e9s &#8220;L&#8217;EDUCACI\u00d3 QUE ENS TRANSFORMA&#8221;31 de GENER 8:15 h: Acreditacions 9:00 h: Inauguraci\u00f3 9:45 h: Luis Galindo: Reilusionarse: \u201cLa ilusi\u00f3n marca la diferencia\u201d 10:45 h: Marta Romo: \u201cLa magia de las palabras\u201d 11:45 h: Coffee break\u00a0 12:15 h: Miguel de Lucas: \u201cHay un mago en ti\u201d 13:15 h: Actuaci\u00f3 13:45 h: Dinar 16:15...","protected":false},"author":7,"featured_media":1031,"parent":0,"menu_order":0,"comment_status":"closed","ping_status":"closed","template":"","meta":{"footnotes":""},"class_list":["post-151","page","type-page","status-publish","has-post-thumbnail","hentry"],"_links":{"self":[{"href":"https:\/\/congresoeducacionelche.com\/val\/wp-json\/wp\/v2\/pages\/151","targetHints":{"allow":["GET"]}}],"collection":[{"href":"https:\/\/congresoeducacionelche.com\/val\/wp-json\/wp\/v2\/pages"}],"about":[{"href":"https:\/\/congresoeducacionelche.com\/val\/wp-json\/wp\/v2\/types\/page"}],"author":[{"embeddable":true,"href":"https:\/\/congresoeducacionelche.com\/val\/wp-json\/wp\/v2\/users\/7"}],"replies":[{"embeddable":true,"href":"https:\/\/congresoeducacionelche.com\/val\/wp-json\/wp\/v2\/comments?post=151"}],"version-history":[{"count":12,"href":"https:\/\/congresoeducacionelche.com\/val\/wp-json\/wp\/v2\/pages\/151\/revisions"}],"predecessor-version":[{"id":1711,"href":"https:\/\/congresoeducacionelche.com\/val\/wp-json\/wp\/v2\/pages\/151\/revisions\/1711"}],"wp:featuredmedia":[{"embeddable":true,"href":"https:\/\/congresoeducacionelche.com\/val\/wp-json\/wp\/v2\/media\/1031"}],"wp:attachment":[{"href":"https:\/\/congresoeducacionelche.com\/val\/wp-json\/wp\/v2\/media?parent=151"}],"curies":[{"name":"wp","href":"https:\/\/api.w.org\/{rel}","templated":true}]}}